{"id":855,"date":"2025-05-12T14:50:32","date_gmt":"2025-05-12T12:50:32","guid":{"rendered":"https:\/\/studiumnvc.pl\/?page_id=855"},"modified":"2025-05-12T19:47:32","modified_gmt":"2025-05-12T17:47:32","slug":"studium-nvc-1","status":"publish","type":"page","link":"https:\/\/studiumnvc.pl\/?page_id=855","title":{"rendered":"Studium NVC 1"},"content":{"rendered":"<p>Zapraszamy na kolejne <strong>edycje Studium NVC<\/strong> (start: <strong>wrzesie\u0144 2025<\/strong> oraz <strong>luty 2026<\/strong>) \u2013 rocznej podr\u00f3\u017cy w g\u0142\u0105b siebie i w g\u0142\u0105b swoich relacji, do miejsca spokoju i r\u00f3wnowagi, do miejsca akceptacji i przyj\u0119cia daru \u017cycia.<\/p>\n<p>&nbsp;<\/p>\n<p>Studium to 7 warsztat\u00f3w weekendowych prowadzonych przez 7 r\u00f3\u017cnych <strong>certyfikowanych trenerek NVC + praktyka w\u00a0dw\u00f3jkach empatycznych pomi\u0119dzy zjazdami.\u00a0<\/strong><\/p>\n<p>&nbsp;<\/p>\n<p><strong>W\u00a0czasie kursu:<\/strong><\/p>\n<p>\u2705 dowiesz si\u0119, czym jest, a\u00a0czym nie\u00a0jest NVC<\/p>\n<p>\u2705 poznasz podstawowe za\u0142o\u017cenia NVC<\/p>\n<p>\u2705 prze\u0107wiczysz narz\u0119dzia transformacji j\u0119zyka szakala i\u00a0trudnych emocji<\/p>\n<p>\u2705 zyskasz wi\u0119cej \u015bwiadomo\u015bci j\u0119zyka: tego, co\u00a0wspiera, a\u00a0co\u00a0blokuje kontakt<\/p>\n<p>\u2705 poznasz osoby zainteresowane wizj\u0105 \u015bwiata Nonviolence<\/p>\n<p>\u2705 do\u015bwiadczysz wsparcia podczas praktyki w\u00a0dw\u00f3jkach empatycznych pomi\u0119dzy zjazdami<\/p>\n<p>\u2705 otrzymasz materia\u0142y w\u00a0wersji drukowanej i\u00a0PDF do\u00a0ka\u017cdego zjazdu<\/p>\n<p>\u2705 na\u00a0koniec otrzymasz certyfikat uko\u0144czenia Studium NVC 1 podpisany przez\u00a07 certyfikowanych trenerek CNVC.<\/p>\n<p>&nbsp;<\/p>\n    <div class=\"linkBtn\">\n        <a class=\"inline-block btn m-2 text-center bg-orange-400 hover:bg-orange-500 p-1 rounded font-bold text-white p-4 rounded hover:text-white\" href=\"https:\/\/leance.org\/produkt\/studium-nvc-1-jesien\/\">Edycja 2025\/26 - zapisz si\u0119<\/a>\n    <\/div>\n    <div class=\"linkBtn\">\n        <a class=\"inline-block btn m-2 text-center bg-orange-400 hover:bg-orange-500 p-1 rounded font-bold text-white p-4 rounded hover:text-white\" href=\"https:\/\/leance.org\/produkt\/studium-nvc-1-zima\/\">Edycja 2026 - zapisz si\u0119<\/a>\n    <\/div>\n<p>&nbsp;<\/p>\n","protected":false},"excerpt":{"rendered":"<p>Zapraszamy na kolejne edycje Studium NVC (start: wrzesie\u0144 2025 oraz luty 2026) \u2013 rocznej podr\u00f3\u017cy w g\u0142\u0105b siebie i w g\u0142\u0105b swoich relacji, do miejsca spokoju i r\u00f3wnowagi, do miejsca [&hellip;]<\/p>\n","protected":false},"author":7,"featured_media":149,"parent":0,"menu_order":0,"comment_status":"closed","ping_status":"closed","template":"","meta":{"footnotes":""},"class_list":["post-855","page","type-page","status-publish","has-post-thumbnail","hentry"],"aioseo_notices":[],"_links":{"self":[{"href":"https:\/\/studiumnvc.pl\/index.php?rest_route=\/wp\/v2\/pages\/855","targetHints":{"allow":["GET"]}}],"collection":[{"href":"https:\/\/studiumnvc.pl\/index.php?rest_route=\/wp\/v2\/pages"}],"about":[{"href":"https:\/\/studiumnvc.pl\/index.php?rest_route=\/wp\/v2\/types\/page"}],"author":[{"embeddable":true,"href":"https:\/\/studiumnvc.pl\/index.php?rest_route=\/wp\/v2\/users\/7"}],"replies":[{"embeddable":true,"href":"https:\/\/studiumnvc.pl\/index.php?rest_route=%2Fwp%2Fv2%2Fcomments&post=855"}],"version-history":[{"count":6,"href":"https:\/\/studiumnvc.pl\/index.php?rest_route=\/wp\/v2\/pages\/855\/revisions"}],"predecessor-version":[{"id":892,"href":"https:\/\/studiumnvc.pl\/index.php?rest_route=\/wp\/v2\/pages\/855\/revisions\/892"}],"wp:featuredmedia":[{"embeddable":true,"href":"https:\/\/studiumnvc.pl\/index.php?rest_route=\/wp\/v2\/media\/149"}],"wp:attachment":[{"href":"https:\/\/studiumnvc.pl\/index.php?rest_route=%2Fwp%2Fv2%2Fmedia&parent=855"}],"curies":[{"name":"wp","href":"https:\/\/api.w.org\/{rel}","templated":true}]}}