{"id":689,"date":"2021-01-31T10:21:33","date_gmt":"2021-01-31T09:21:33","guid":{"rendered":"https:\/\/studiumnvc.pl\/?page_id=689"},"modified":"2025-05-12T11:15:10","modified_gmt":"2025-05-12T09:15:10","slug":"harmonogram","status":"publish","type":"page","link":"https:\/\/studiumnvc.pl\/?page_id=689","title":{"rendered":"Harmonogram"},"content":{"rendered":"<h1><strong>Harmonogram Studium NVC 2025\/26<\/strong><\/h1>\n<p>&nbsp;<\/p>\n<h2><strong>Studium NVC 1 rok EDYCJA 14 &#8211; zapisy otwarte: kliknij <a href=\"https:\/\/leance.org\/produkt\/studium-nvc-1-zima\/\">TUTAJ<\/a><\/strong><\/h2>\n<p>14-15.02.2026 \u2013\u00a0<strong>Zjazd 1: Zobacz Twoje wewn\u0119trzne pi\u0119kno \u2013 wst\u0119p do NVC<\/strong>\u00a0\u2013 Brygida Dynisiuk<br \/>\n14-15.03.2026 \u2013\u00a0<strong>Zjazd 2: Rozpocznij dialog ze \u015bwiatem i otw\u00f3rz si\u0119 na innych<\/strong>\u00a0\u2013 Gosia Piotrowska<br \/>\n18-19.04.2026 \u2013\u00a0<strong>Zjazd 3: Pokochaj swojego szakala \u2013 konflikty wewn\u0119trzne i budowanie kontaktu ze sob\u0105<\/strong>\u00a0\u2013 Marta Ku\u0142aga<br \/>\n30-31.05.2026 \u2013\u00a0<strong>Zjazd 4: Przytul swoj\u0105 z\u0142o\u015b\u0107 \u2013 wewn\u0119trzna transformacja<\/strong>\u00a0\u2013 Aga Rzewuska-Paca<br \/>\n20-21.06.2026 \u2013 Z<strong>jazd 5: Zapro\u015b szakale do sto\u0142u \u2013 odkryj pi\u0119kno konfliktu<\/strong>\u00a0\u2013 Magda Koscika-Leszczy\u0144ska<br \/>\n12-13.09.2026 \u2013\u00a0<strong>Zjazd 6: Uwolnij si\u0119 od w\u0142asnych schemat\u00f3w \u2013 praca z przekonaniami<\/strong>\u00a0\u2013 Asia Nowicka<br \/>\n03-04.10.2026 \u2013\u00a0<strong>Zjazd 7: Us\u0142ysz swoje cia\u0142o \u2013 NVC w ciele\u00a0<\/strong>\u2013 Renia Biela\u0144ska<\/p>\n<p>&nbsp;<\/p>\n<h2><strong>Studium NVC 1 rok EDYCJA 13 &#8211; zapisy otwarte: kliknij <a href=\"https:\/\/leance.org\/produkt\/studium-nvc-1-jesien\/\">TUTAJ<\/a><\/strong><\/h2>\n<p>27-28.09.2025 \u2013\u00a0<strong>Zjazd 1: Zobacz Twoje wewn\u0119trzne pi\u0119kno \u2013 wst\u0119p do NVC<\/strong>\u00a0\u2013 Brygida Dynisiuk<br \/>\n15-16.11.2025 \u2013\u00a0<strong>Zjazd 2: Rozpocznij dialog ze \u015bwiatem i otw\u00f3rz si\u0119 na innych<\/strong>\u00a0\u2013 Gosia Piotrowska<br \/>\n06-07.12.2025 \u2013\u00a0<strong>Zjazd 3: Pokochaj swojego szakala \u2013 konflikty wewn\u0119trzne i budowanie kontaktu ze sob\u0105<\/strong>\u00a0\u2013 Marta Ku\u0142aga<br \/>\n07-08.02.2026 \u2013\u00a0<strong>Zjazd 4: Przytul swoj\u0105 z\u0142o\u015b\u0107 \u2013 wewn\u0119trzna transformacja<\/strong>\u00a0\u2013 Aga Rzewuska-Paca<br \/>\n28-29.03.2026 \u2013 Z<strong>jazd 5: Zapro\u015b szakale do sto\u0142u \u2013 odkryj pi\u0119kno konfliktu<\/strong>\u00a0\u2013 Magda Koscika-Leszczy\u0144ska<br \/>\n09-10.05.2026 \u2013\u00a0<strong>Zjazd 6: Uwolnij si\u0119 od w\u0142asnych schemat\u00f3w \u2013 praca z przekonaniami<\/strong>\u00a0\u2013 Asia Nowicka<br \/>\n13-14.06.2026 \u2013\u00a0<strong>Zjazd 7: Us\u0142ysz swoje cia\u0142o \u2013 NVC w ciele\u00a0<\/strong>\u2013 Renia Biela\u0144ska<\/p>\n<p>&nbsp;<\/p>\n<h2><strong>Studium NVC 2 rok EDYCJA 6 &#8211; zapisy otwarte: kliknij <a href=\"https:\/\/leance.org\/produkt\/studium-nvc-2\/\">TUTAJ<\/a><\/strong><\/h2>\n<p><b>18-19.10.2025\u00a0<\/b>\u2013\u00a0Odkryj swoje miejsce mocy \u2013\u00a0Aga Rzewuska-Paca<br \/>\n<b>25-26.10.2025<\/b>\u00a0\u2013 Poczucie winy \u2013 od destrukcyjnej si\u0142y ku konstruktywnej energii \u2013 Marta Ku\u0142aga<br \/>\n<b>29-30.11.2025<\/b>\u00a0\u2013 Si\u0142a w bezsilno\u015bci, moc w bezradno\u015bci \u2013\u00a0Ewelina Ragiel<br \/>\n<b>10-11.01.2026<\/b>\u00a0\u2013 Rozmowy naprawcze \u2013 Wype\u0142nij z\u0142otem p\u0119kni\u0119cie w relacji \u2013\u00a0Magdalena Kosicka-Leszczy\u0144ska<br \/>\n<b>21-22.02.2026\u00a0\u2013\u00a0<\/b>Wsp\u00f3\u0142mocny Lider \u2013 przyw\u00f3dztwo oparte na wsp\u00f3\u0142pracy i wsp\u00f3\u0142decyzyjno\u015bci \u2013 Marta Ku\u0142aga<br \/>\n<b>11-12.04.2026\u00a0\u2013\u00a0<\/b>Zmiana spo\u0142eczna \u2013 odkrywanie swojego wp\u0142ywu \u2013\u00a0Aga Rzewuska-Paca i Magda Bara\u0144ska<br \/>\n<b>25-26.04.2026\u00a0\u2013\u00a0<\/b>Wdzi\u0119czno\u015b\u0107 \u2013 droga do wewn\u0119trznej mocy \u2013 Renia Biela\u0144ska i Gosia Piotrowska<\/p>\n<p>&nbsp;<\/p>\n<h2><strong>Studium NVC 1 rok EDYCJA 12 &#8211; zapisy zamkni\u0119te<\/strong><\/h2>\n<p><strong>01-02.02.2025<\/strong> <b>\u2013 <\/b><em>Zobacz Twoje wewn\u0119trzne pi\u0119kno \u2013 wst\u0119p do NVC<\/em> Emilia Kulpa-Nowak<br \/>\n<strong>08-09.03.2025<\/strong> <b>\u2013 <\/b><em>Rozpocznij dialog ze \u015bwiatem i otw\u00f3rz si\u0119 na innych<\/em> Brygida Dynisiuk<br \/>\n<strong>12-13.04.2025<\/strong>\u00a0 <b>\u2013 <\/b><em>Pokochaj swojego szakala \u2013 konflikty wewn\u0119trzne i budowanie kontaktu ze sob\u0105<\/em> Gosia Piotrowska<br \/>\n<strong>17-18.05.2025<\/strong> <b>\u2013 <\/b><em>Przytul swoj\u0105 z\u0142o\u015b\u0107 \u2013 wewn\u0119trzna transformacja<\/em> Marta Ku\u0142aga<br \/>\n<strong>14-15.06.2025<\/strong> <b>\u2013 <\/b><em>Zapro\u015b szakale do sto\u0142u \u2013 odkryj pi\u0119kno konfliktu<\/em> Magda Kosicka-Leszczy\u0144ska<br \/>\n<strong>13-14.09.2025<\/strong> <b>\u2013 <\/b><em>Uwolnij si\u0119 od w\u0142asnych schemat\u00f3w \u2013 praca z przekonaniami<\/em> Joanna Nowicka<br \/>\n<strong>04-05.10.2025<\/strong> <b>\u2013 <\/b><em>Us\u0142ysz swoje cia\u0142o \u2013 NVC w ciele<\/em> Magdalena Sendor<\/p>\n<h1><strong>Harmonogram Studium NVC 2024\/2025<\/strong><\/h1>\n<h2><strong>Studium NVC 1 rok EDYCJA 11<\/strong><\/h2>\n<p><strong>12-13.10.2024<\/strong> <em>Zobacz Twoje wewn\u0119trzne pi\u0119kno \u2013 wst\u0119p do NVC Emilia Kulpa-Nowak<br \/>\n<strong>16-17.11.2024<\/strong> <em>Rozpocznij dialog ze \u015bwiatem i otw\u00f3rz si\u0119 na innych Brygida Dynisiuk<br \/>\n<strong>14-15.12.2024<\/strong>\u00a0 <em>Pokochaj swojego szakala \u2013 konflikty wewn\u0119trzne i budowanie kontaktu ze sob\u0105 Renia Biela\u0144ska<br \/>\n<strong>22-23.02.2025<\/strong> <em>Przytul swoj\u0105 z\u0142o\u015b\u0107 \u2013 wewn\u0119trzna transformacja Marta Ku\u0142aga<br \/>\n<strong>15-16.03.2025<\/strong> <em>Zapro\u015b szakale do sto\u0142u \u2013 odkryj pi\u0119kno konfliktu Magda Kosicka-Leszczy\u0144ska<br \/>\n<strong>5-6.04.2025<\/strong> <em>Uwolnij si\u0119 od w\u0142asnych schemat\u00f3w \u2013 praca z przekonaniami Joanna Nowicka<br \/>\n<strong>10-11.05.2025<\/strong> <em>Us\u0142ysz swoje cia\u0142o \u2013 NVC w ciele Magdalena Sendor<\/em><\/em><\/em><\/em><\/em><\/em><\/em><\/p>\n<p><strong>Studium NVC 2 EDYCJA 5<\/strong><\/p>\n<p><strong>26-27.10.2024<\/strong> <em>Odkryj swoje miejsce mocy<\/em> Aga Rzewuska-Paca<br \/>\n<strong>30.11-01.12.2024<\/strong> <em>Poczucie winy \u2013 od destrukcyjnej si\u0142y ku konstruktywnej energii<\/em> Marta Ku\u0142aga<br \/>\n<strong>11-12.01.2025<\/strong> <em>Si\u0142a w bezsilno\u015bci, moc w bezradno\u015bci<\/em> Ewelina Ragiel<br \/>\n<strong>22-23.03.2025<\/strong>\u00a0 <em>Rozmowy naprawcze \u2013 Wype\u0142nij z\u0142otem p\u0119kni\u0119cie w relacji<\/em> Magdalena Kosicka-Leszczy\u0144ska<br \/>\n<strong>26-27.04.2025<\/strong> <em>Wsp\u00f3\u0142mocny Lider \u2013 przyw\u00f3dztwo oparte na wsp\u00f3\u0142pracy i wsp\u00f3\u0142decyzyjno\u015bci<\/em> Marta Ku\u0142aga<br \/>\n<strong>24-25.05 2025<\/strong> <em>Zmiana spo\u0142eczna \u2013 odkrywanie swojego wp\u0142ywu<\/em> Aga Rzewuska-Paca i Magdalena Bara\u0144ska<br \/>\n<strong>14-15.06.2025<\/strong> <em>Wdzi\u0119czno\u015b\u0107 \u2013 droga do wewn\u0119trznej mocy<\/em> Gosia Piotrowska i Renia Biela\u0144ska<\/p>\n<p><strong>Harmonogram Studium LUTY 2024<\/strong><\/p>\n<p><strong>Studium NVC 1 rok EDYCJA 10<\/strong><\/p>\n<p><strong>03-04.02.2024<\/strong> <em>Zobacz Twoje wewn\u0119trzne pi\u0119kno \u2013 wst\u0119p do NVC<\/em> Emilia Kulpa-Nowak<br \/>\n<strong>29-10.03.2024<\/strong> <em>Rozpocznij dialog ze \u015bwiatem i otw\u00f3rz si\u0119 na innych<\/em> Brygida Dynisiuk<br \/>\n<strong>04-05.05.2024<\/strong>\u00a0 <em>Pokochaj swojego szakala \u2013 konflikty wewn\u0119trzne i budowanie kontaktu ze sob\u0105<\/em> Marta Ku\u0142aga<br \/>\n<strong>01-02.06.2024<\/strong> <em>Przytul swoj\u0105 z\u0142o\u015b\u0107 \u2013 wewn\u0119trzna transformacja<\/em> Dominika Jasi\u0144ska<br \/>\n<strong>22-23.06.2024<\/strong> <em>Zapro\u015b szakale do sto\u0142u \u2013 odkryj pi\u0119kno konfliktu<\/em> Magda Kosicka-Leszczy\u0144ska<br \/>\n<strong>14-15.09.2024<\/strong> <em>Uwolnij si\u0119 od w\u0142asnych schemat\u00f3w \u2013 praca z przekonaniami<\/em> Joanna Nowicka<br \/>\n<strong>12-13.10.2024<\/strong> <em>Us\u0142ysz swoje cia\u0142o \u2013 NVC w ciele<\/em> Magdalena Sendor<\/p>\n<p><strong>Harmonogram Studium 2023\/2024<\/strong><\/p>\n<p><strong>Studium NVC 1 rok EDYCJA 9<\/strong><\/p>\n<p><strong>16-17.09.2023<\/strong> <em>Zobacz Twoje wewn\u0119trzne pi\u0119kno \u2013 wst\u0119p do NVC<\/em> Emilia Kulpa-Nowak<br \/>\n<strong>21-22.10.2023<\/strong> <em>Rozpocznij dialog ze \u015bwiatem i otw\u00f3rz si\u0119 na innych<\/em> Brygida Dynisiuk<br \/>\n<strong>25-26.11.2023<\/strong>\u00a0 <em>Pokochaj swojego szakala \u2013 konflikty wewn\u0119trzne i budowanie kontaktu ze sob\u0105<\/em> Dominika Jasi\u0144ska<br \/>\n<strong>13-14.01.2024<\/strong> <em>Przytul swoj\u0105 z\u0142o\u015b\u0107 \u2013 wewn\u0119trzna transformacja<\/em> Marta Ku\u0142aga<br \/>\n<strong>16-17.03.2024<\/strong> <em>Zapro\u015b szakale do sto\u0142u \u2013 odkryj pi\u0119kno konfliktu<\/em> Magda Kosicka-Leszczy\u0144ska<br \/>\n<strong>20-21.04.2024<\/strong> <em>Uwolnij si\u0119 od w\u0142asnych schemat\u00f3w \u2013 praca z przekonaniami<\/em> Joanna Nowicka<br \/>\n<strong>8-9.06.2024<\/strong> <em>Us\u0142ysz swoje cia\u0142o \u2013 NVC w ciele<\/em> Magdalena Sendor<\/p>\n<p><strong>Studium NVC 2 EDYCJA 4<\/strong><\/p>\n<p><strong>11-12.11.2023<\/strong> <em>Odkryj swoje miejsce mocy<\/em> Aga Rzewuska-Paca<br \/>\n<strong>9-10.12.2023<\/strong> <em>Poczucie winy \u2013 od destrukcyjnej si\u0142y ku konstruktywnej energii<\/em> Marta Ku\u0142aga<br \/>\n<strong>6-7.01.2024<\/strong> <em>Si\u0142a w bezsilno\u015bci, moc w bezradno\u015bci<\/em> Ewelina Ragiel<br \/>\n<strong>2-3.03.2024<\/strong>\u00a0 <em>Rozmowy naprawcze \u2013 Wype\u0142nij z\u0142otem p\u0119kni\u0119cie w relacji<\/em> Magdalena Kosicka-Leszczy\u0144ska<br \/>\n<strong>13-14.04.2024<\/strong> <em>Wsp\u00f3\u0142mocny Lider \u2013 przyw\u00f3dztwo oparte na wsp\u00f3\u0142pracy i wsp\u00f3\u0142decyzyjno\u015bci<\/em> Marta Ku\u0142aga<br \/>\n<strong>25-26.05.2024<\/strong> <em>Zmiana spo\u0142eczna \u2013 odkrywanie swojego wp\u0142ywu<\/em> Aga Rzewuska-Paca i Magdalena Bara\u0144ska<br \/>\n<strong>15-16.06.2024<\/strong> <em>Wdzi\u0119czno\u015b\u0107 \u2013 droga do wewn\u0119trznej mocy<\/em> Dominika Jasi\u0144ska<\/p>\n<p>&nbsp;<\/p>\n<p><strong>Harmonogram Studium 2022\/2023<\/strong><\/p>\n<p><strong>Studium NVC 1 rok EDYCJA 8 (Luty)<\/strong><\/p>\n<p><strong>11-12.02.2023<\/strong> <em>Zobacz Twoje wewn\u0119trzne pi\u0119kno \u2013 wst\u0119p do NVC<\/em> Emilia Kulpa-Nowak<br \/>\n<strong>25-26.03.2023<\/strong> <em>Rozpocznij dialog ze \u015bwiatem i otw\u00f3rz si\u0119 na innych<\/em> Brygida Dynisiuk<br \/>\n<strong>6-7.05.2023<\/strong> <em>Pokochaj swojego szakala \u2013 konflikty wewn\u0119trzne i budowanie kontaktu ze sob\u0105<\/em> Dominika Jasi\u0144ska<br \/>\n<strong>24-25.06.2023<\/strong> <em>Przytul swoj\u0105 z\u0142o\u015b\u0107 \u2013 wewn\u0119trzna transformacja<\/em> Marta Ku\u0142aga<br \/>\n<strong>23-24.09.2023<\/strong> <em>Zapro\u015b szakale do sto\u0142u \u2013 odkryj pi\u0119kno konfliktu<\/em> Magda Kosicka-Leszczy\u0144ska<br \/>\n<strong>14-15.10.2023<\/strong> <em>Us\u0142ysz swoje cia\u0142o \u2013 NVC w ciele<\/em> Magdalena Sendor<br \/>\n<strong>4-5.11.2023<\/strong> <em>Uwolnij si\u0119 od w\u0142asnych schemat\u00f3w \u2013 praca z przekonaniami<\/em> Joanna Nowicka<\/p>\n<p><strong>Studium NVC 1 rok EDYCJA 7<\/strong><\/p>\n<p><strong>8-9.10.2022<\/strong> <em>Zobacz Twoje wewn\u0119trzne pi\u0119kno \u2013 wst\u0119p do NVC<\/em> Brygida Dynisiuk<br \/>\n<strong>19-20.11.2022<\/strong> <em>Rozpocznij dialog ze \u015bwiatem i otw\u00f3rz si\u0119 na innych<\/em> Marta Ku\u0142aga<br \/>\n<strong>14-15.01.2023<\/strong> <em>Pokochaj swojego szakala \u2013 konflikty wewn\u0119trzne i budowanie kontaktu ze sob\u0105<\/em> Joanna Nowicka<br \/>\n<strong>25-26.02.2023<\/strong> <em>Zapro\u015b szakale do sto\u0142u \u2013 odkryj pi\u0119kno konfliktu<\/em> Magdalena Kosicka-Leszczy\u0144ska<br \/>\n<strong>18-19.03.2023<\/strong> <em>Przytul swoj\u0105 z\u0142o\u015b\u0107 \u2013 wewn\u0119trzna transformacja<\/em> Aga Rzewuska-Paca<br \/>\n<strong>15-16.04.2023<\/strong> <em>Us\u0142ysz swoje cia\u0142o \u2013 NVC w ciele<\/em> Magdalena Sendor<br \/>\n<strong>27-28.05.2023<\/strong> <em>Uwolnij si\u0119 od w\u0142asnych schemat\u00f3w \u2013 praca z przekonaniami<\/em> Dominika Jasi\u0144ska<\/p>\n<p><strong>Studium NVC 2 EDYCJA 3<\/strong><\/p>\n<p><strong>1-2.10.2022<\/strong> <em>Odkryj swoje miejsce mocy<\/em> Aga Rzewuska-Paca<br \/>\n<strong>26-27.11.2022<\/strong> <em>Poczucie winy \u2013 od destrukcyjnej si\u0142y ku konstruktywnej energii<\/em> Marta Ku\u0142aga<br \/>\n<strong>17-18.12.2022<\/strong> <em>Si\u0142a w bezsilno\u015bci, moc w bezradno\u015bci<\/em> Ewelina Ragiel<br \/>\n<strong>4-5.02.2023<\/strong>\u00a0<em>Rozmowy naprawcze \u2013 Wype\u0142nij z\u0142otem p\u0119kni\u0119cie w relacji <\/em> Magdalena Kosicka-Leszczy\u0144ska<br \/>\n<strong>11-12.03.2023<\/strong> <em>Wsp\u00f3\u0142mocny Lider \u2013 przyw\u00f3dztwo oparte na wsp\u00f3\u0142pracy i wsp\u00f3\u0142decyzyjno\u015bci<\/em> Marta Ku\u0142aga<br \/>\n<strong>22-23.04.2023<\/strong> <em>Zmiana spo\u0142eczna \u2013 odkrywanie swojego wp\u0142ywu<\/em> Aga Rzewuska i Magda Bara\u0144ska<br \/>\n<strong>3-4.06.2023<\/strong> <em>Wdzi\u0119czno\u015b\u0107 \u2013 Droga do wewn\u0119trznej mocy<\/em> Dominika Jasi\u0144ska<\/p>\n<p><strong>Studium NVC 1 rok EDYCJA 6<\/strong><\/p>\n<p><strong>29-30.01.2022<\/strong> <em>Zobacz Twoje wewn\u0119trzne pi\u0119kno \u2013 wst\u0119p do NVC<\/em> Brygida Dynisiuk<br \/>\n<strong>19-20.02.2022<\/strong> <em>Rozpocznij dialog ze \u015bwiatem i otw\u00f3rz si\u0119 na innych<\/em> Marta Ku\u0142aga<br \/>\n<strong>26-27.03.2022<\/strong>\u00a0 <em>Pokochaj swojego szakala \u2013 konflikty wewn\u0119trzne i budowanie kontaktu ze sob\u0105<\/em> Dominika Jasi\u0144ska<br \/>\n<strong>2-3.04.2022<\/strong> <em>Zapro\u015b szakale do sto\u0142u \u2013 odkryj pi\u0119kno konfliktu<\/em> Magda Leszczy\u0144ska<br \/>\n<strong>21-22.052022<\/strong> <em>Uwolnij si\u0119 od w\u0142asnych schemat\u00f3w \u2013 praca z przekonaniami<\/em> Asia Nowicka<br \/>\n<strong>11-12.06.2022<\/strong> <em>Przytul swoj\u0105 z\u0142o\u015b\u0107 \u2013 wewn\u0119trzna transformacja <\/em> Aga Rzewuska-Paca<br \/>\n<strong>10-11.09.2022<\/strong> <em>Us\u0142ysz swoje cia\u0142o \u2013 NVC w ciele<\/em> Magda Sendor<\/p>\n<p><strong>Harmonogram Studium 2021\/2022<\/strong><\/p>\n<p><strong>Studium NVC 1 rok EDYCJA 5<\/strong><\/p>\n<p><strong>2-3.10.2021<\/strong> <em>Zobacz Twoje wewn\u0119trzne pi\u0119kno<\/em> Beata i Piotr Ho\u0142ty\u0144<br \/>\n<strong>20-21.11.2021<\/strong> <em>Rozpocznij dialog ze \u015bwiatem<\/em> Marta Ku\u0142aga<br \/>\n<strong>11-12.12.2021<\/strong>\u00a0 <em>Pokochaj swojego szakala<\/em> Dominika Jasi\u0144ska<br \/>\n<strong>5-6.02.2022<\/strong> <em>Zapro\u015b szakale do sto\u0142u<\/em> Magda Leszczy\u0144ska<br \/>\n<strong>19-20.03.2022<\/strong> <em>Przytul swoja z\u0142o\u015b\u0107<\/em> Aga Rzewuska<br \/>\n<strong>7-8.05.2022<\/strong> <em>Us\u0142ysz swoje cia\u0142o<\/em> Magda Sendor<br \/>\n<strong>4-5.06.2022<\/strong> <em>Uwolnij si\u0119 od w\u0142asnych schemat\u00f3w<\/em> Asia Nowicka<\/p>\n<p><strong>Studium NVC 2 EDYCJA 2<\/strong><\/p>\n<p><strong>9-10.10.2021<\/strong> <em>Odkryj swoje miejsce mocy<\/em> Aga Rzewuska<br \/>\n<strong>4-5.12.2021<\/strong> <em>Poczucie winy<\/em> Marta Ku\u0142aga<br \/>\n<strong>8-9.01.2022<\/strong> <em>Transformacja bezsilno\u015bci<\/em> Ewelina Ragiel<br \/>\n<strong>12-13.02.2022<\/strong>\u00a0 <em>Rozmowy naprawcze<\/em> Magda Kosicka Leszczy\u0144ska<br \/>\n<strong>26-27.03.2022<\/strong> <em>Wsp\u00f3\u0142mocny lider<\/em> Marta Ku\u0142aga<br \/>\n<strong>9-10.04.2022<\/strong> <em>Zmiana spo\u0142eczna<\/em> Aga Rzewuska i Magda Bara\u0144ska<br \/>\n<strong>28-29.05.2022<\/strong> <em>Wdzi\u0119czno\u015b\u0107<\/em> Dominika Jasi\u0144ska<\/p>\n<p>&nbsp;<\/p>\n<p><strong>Harmonogram Studium 2020\/2021<\/strong><\/p>\n<p><strong>Studium NVC 1 rok<\/strong><\/p>\n<p><strong>3-4.10.2020<\/strong> <em>Zobacz Twoje wewn\u0119trzne pi\u0119kno<\/em> Beata i Piotr Ho\u0142ty\u0144<br \/>\n<strong>21-22.11.2020<\/strong> <em>Rozpocznij dialog ze \u015bwiatem<\/em> Marta Ku\u0142aga<br \/>\n<strong>23-24.01.2021<\/strong>\u00a0 <em>Pokochaj swojego szakala<\/em> Dominika Jasi\u0144ska<br \/>\n<strong>20-21.02.2021<\/strong> <em>Zapro\u015b szakale do sto\u0142u<\/em> Magda Leszczy\u0144ska<br \/>\n<strong>20-21.03.2021<\/strong> <em>Przytul swoja z\u0142o\u015b\u0107<\/em> Aga Rzewuska Paca<br \/>\n<strong>8-9.05.2021<\/strong> <em>Us\u0142ysz swoje cia\u0142o<\/em> Magda Sendor<br \/>\n<strong>12-13.06.2021<\/strong> <em>Uwolnij si\u0119 od w\u0142asnych schemat\u00f3w<\/em> Asia Nowicka<\/p>\n<p><strong>Studium NVC 2 rok<\/strong><\/p>\n<p><strong>17-18.10.2020<\/strong> <em>Odkryj swoje miejsce mocy<\/em> Aga Rzewuska<br \/>\n<strong>6-7.02.2021<\/strong> <em>Wsp\u00f3\u0142mocny lider<\/em> Marta Ku\u0142aga<br \/>\n<strong>27-28.02.2021<\/strong> <em>Rozmowy naprawcze<\/em> Magda Kosicka Leszczy\u0144ska<br \/>\n<strong>13-14.03.2021<\/strong> <em>Transformacja bezsilno\u015bci<\/em> Beata i\u00a0 Piotr Ho\u0142ty\u0144<br \/>\n<strong>10-11.04.2021<\/strong> <em>Zmiana spo\u0142eczna,<\/em> Aga Rzewuska i Magda Bara\u0144ska<br \/>\n<strong>15-16.05.2021<\/strong> <em>Poczucie winy<\/em> Marta Ku\u0142aga<br \/>\n<strong>12-13.06.2021<\/strong> <em>Wdzi\u0119czno\u015b\u0107<\/em> Dominika Jasi\u0144ska<\/p>\n","protected":false},"excerpt":{"rendered":"<p>Harmonogram Studium NVC 2025\/26 &nbsp; Studium NVC 1 rok EDYCJA 14 &#8211; zapisy otwarte: kliknij TUTAJ 14-15.02.2026 \u2013\u00a0Zjazd 1: Zobacz Twoje wewn\u0119trzne pi\u0119kno \u2013 wst\u0119p do NVC\u00a0\u2013 Brygida Dynisiuk 14-15.03.2026 [&hellip;]<\/p>\n","protected":false},"author":1,"featured_media":0,"parent":0,"menu_order":0,"comment_status":"closed","ping_status":"closed","template":"","meta":{"footnotes":""},"class_list":["post-689","page","type-page","status-publish","hentry"],"aioseo_notices":[],"_links":{"self":[{"href":"https:\/\/studiumnvc.pl\/index.php?rest_route=\/wp\/v2\/pages\/689","targetHints":{"allow":["GET"]}}],"collection":[{"href":"https:\/\/studiumnvc.pl\/index.php?rest_route=\/wp\/v2\/pages"}],"about":[{"href":"https:\/\/studiumnvc.pl\/index.php?rest_route=\/wp\/v2\/types\/page"}],"author":[{"embeddable":true,"href":"https:\/\/studiumnvc.pl\/index.php?rest_route=\/wp\/v2\/users\/1"}],"replies":[{"embeddable":true,"href":"https:\/\/studiumnvc.pl\/index.php?rest_route=%2Fwp%2Fv2%2Fcomments&post=689"}],"version-history":[{"count":45,"href":"https:\/\/studiumnvc.pl\/index.php?rest_route=\/wp\/v2\/pages\/689\/revisions"}],"predecessor-version":[{"id":826,"href":"https:\/\/studiumnvc.pl\/index.php?rest_route=\/wp\/v2\/pages\/689\/revisions\/826"}],"wp:attachment":[{"href":"https:\/\/studiumnvc.pl\/index.php?rest_route=%2Fwp%2Fv2%2Fmedia&parent=689"}],"curies":[{"name":"wp","href":"https:\/\/api.w.org\/{rel}","templated":true}]}}