{"id":287,"date":"2019-05-14T18:18:35","date_gmt":"2019-05-14T16:18:35","guid":{"rendered":"https:\/\/studiumnvc.pl\/?page_id=287"},"modified":"2025-05-12T19:48:54","modified_gmt":"2025-05-12T17:48:54","slug":"studium-nvc-2","status":"publish","type":"page","link":"https:\/\/studiumnvc.pl\/?page_id=287","title":{"rendered":"Studium NVC 2"},"content":{"rendered":"<div id=\"pl-287\" class=\"panel-layout\">\n<div id=\"pg-287-0\" class=\"panel-grid panel-has-style\" data-style=\"{&quot;background_image_attachment&quot;:&quot;404&quot;,&quot;background_image_attachment_fallback&quot;:false,&quot;background_display&quot;:&quot;fixed&quot;,&quot;bottom_margin&quot;:&quot;0px&quot;,&quot;row_stretch&quot;:&quot;full-stretched&quot;,&quot;cell_alignment&quot;:&quot;flex-start&quot;}\">\n<div class=\"siteorigin-panels-stretch panel-row-style panel-row-style-for-287-0\" data-stretch-type=\"full-stretched\">\n<div id=\"pgc-287-0-0\" class=\"panel-grid-cell\" data-weight=\"1\">\n<div id=\"panel-287-0-0-0\" class=\"so-panel widget widget_sow-editor panel-first-child panel-last-child\" data-index=\"0\" data-style=\"{&quot;padding&quot;:&quot;110px 75px 0px 75px&quot;,&quot;mobile_padding&quot;:&quot;70px 30px 0px 30px&quot;,&quot;background_image_attachment&quot;:false,&quot;background_display&quot;:&quot;tile&quot;}\">\n<div class=\"panel-widget-style panel-widget-style-for-287-0-0-0\">\n<div class=\"so-widget-sow-editor so-widget-sow-editor-base\">\n<div class=\"siteorigin-widget-tinymce textwidget\">\n<h3 style=\"text-align: left;\"><strong>Troszcz\u0105c si\u0119 o \u015bwiat \u2013 dbasz tak\u017ce o siebie,<\/strong><\/h3>\n<h3 style=\"text-align: left;\"><strong>gdy troszczysz si\u0119 o siebie \u2013 zyskuje r\u00f3wnie\u017c \u015bwiat. <\/strong><\/h3>\n<\/div>\n<div class=\"siteorigin-widget-tinymce textwidget\">\n<h5 style=\"text-align: left;\"><strong>Kontynuacja<\/strong> rocznego Studium NVC to okazja do odkrycia swojej mocy. Czasem ukrytej pod bezsilno\u015bci\u0105, zakopanej pod poczuciem winy. Mocy p\u0142yn\u0105cej z wdzi\u0119czno\u015bci i wsp\u00f3lnego przewodzenia. Podczas zjazd\u00f3w drugiego roku studium \u0142\u0105czymy si\u0119 ze swoj\u0105 moc\u0105, aby m\u00f3c wnie\u015b\u0107 j\u0105 do \u015bwiata i sta\u0107 si\u0119 cz\u0119\u015bci\u0105 realnej zmiany spo\u0142ecznej.<\/h5>\n<p>&nbsp;<\/p>\n<h5 style=\"text-align: left;\">Drugi rok Studium skierowany jest do os\u00f3b, kt\u00f3re uko\u0144czy\u0142y 1. rok Studium NVC lub maj\u0105 za sob\u0105 co najmniej\u00a010 dni szkole\u0144 z certyfikowanymi trenerami.<\/h5>\n<p>&nbsp;<\/p>\n<div class=\"text-center\">    <div class=\"linkBtn\">\n        <a class=\"inline-block btn m-2 text-center bg-orange-400 hover:bg-orange-500 p-1 rounded font-bold text-white p-4 rounded hover:text-white\" href=\"https:\/\/leance.org\/produkt\/studium-nvc-2\/\">Zapisz si\u0119<\/a>\n    <\/div><\/div>\n<\/div>\n<\/div>\n<\/div>\n<\/div>\n<\/div>\n<\/div>\n<\/div>\n<div id=\"pg-287-1\" class=\"panel-grid panel-no-style\">\n<div data-index=\"2\" data-style=\"{&quot;background_image_attachment&quot;:false,&quot;background_display&quot;:&quot;tile&quot;}\"><\/div>\n<\/div>\n<\/div>\n","protected":false},"excerpt":{"rendered":"<p>Troszcz\u0105c si\u0119 o \u015bwiat \u2013 dbasz tak\u017ce o siebie, gdy troszczysz si\u0119 o siebie \u2013 zyskuje r\u00f3wnie\u017c \u015bwiat. Kontynuacja rocznego Studium NVC to okazja do odkrycia swojej mocy. Czasem ukrytej [&hellip;]<\/p>\n","protected":false},"author":1,"featured_media":340,"parent":0,"menu_order":0,"comment_status":"closed","ping_status":"closed","template":"template-front.php","meta":{"footnotes":""},"class_list":["post-287","page","type-page","status-publish","has-post-thumbnail","hentry"],"aioseo_notices":[],"_links":{"self":[{"href":"https:\/\/studiumnvc.pl\/index.php?rest_route=\/wp\/v2\/pages\/287","targetHints":{"allow":["GET"]}}],"collection":[{"href":"https:\/\/studiumnvc.pl\/index.php?rest_route=\/wp\/v2\/pages"}],"about":[{"href":"https:\/\/studiumnvc.pl\/index.php?rest_route=\/wp\/v2\/types\/page"}],"author":[{"embeddable":true,"href":"https:\/\/studiumnvc.pl\/index.php?rest_route=\/wp\/v2\/users\/1"}],"replies":[{"embeddable":true,"href":"https:\/\/studiumnvc.pl\/index.php?rest_route=%2Fwp%2Fv2%2Fcomments&post=287"}],"version-history":[{"count":12,"href":"https:\/\/studiumnvc.pl\/index.php?rest_route=\/wp\/v2\/pages\/287\/revisions"}],"predecessor-version":[{"id":893,"href":"https:\/\/studiumnvc.pl\/index.php?rest_route=\/wp\/v2\/pages\/287\/revisions\/893"}],"wp:featuredmedia":[{"embeddable":true,"href":"https:\/\/studiumnvc.pl\/index.php?rest_route=\/wp\/v2\/media\/340"}],"wp:attachment":[{"href":"https:\/\/studiumnvc.pl\/index.php?rest_route=%2Fwp%2Fv2%2Fmedia&parent=287"}],"curies":[{"name":"wp","href":"https:\/\/api.w.org\/{rel}","templated":true}]}}