{"id":228,"date":"2018-07-26T13:06:50","date_gmt":"2018-07-26T11:06:50","guid":{"rendered":"https:\/\/studiumnvc.pl\/?page_id=228"},"modified":"2020-09-17T21:16:04","modified_gmt":"2020-09-17T19:16:04","slug":"opinie","status":"publish","type":"page","link":"https:\/\/studiumnvc.pl\/?page_id=228","title":{"rendered":"Opinie"},"content":{"rendered":"<blockquote><p>&#8222;Mo\u017cesz co\u015b zmieni\u0107 albo nie.<\/p>\n<p>Je\u015bli chcesz naprawd\u0119 co\u015b zmieni\u0107, to dostaniesz wsparcie, skuteczne narz\u0119dzia, blisko\u015b\u0107, humor i bezpiecze\u0144stwo. Dostaniesz skrzyd\u0142a<\/p>\n<p>A potem wybierzesz czy chcesz lecie\u0107.&#8221;<\/p><\/blockquote>\n<hr \/>\n<blockquote><p>&#8222;Trafi\u0142am na temat nvc oraz studium w trakcie du\u017cego kryzysu \u017cyciowego. Tutaj zrozumia\u0142am, \u017ce by\u0142 on niezb\u0119dny. Jestem na nowej, fascynuj\u0105cej drodze, kt\u00f3ra nadaje sens kolejnym krokom.&#8221;<\/p><\/blockquote>\n<hr \/>\n<blockquote><p>&#8222;Podaruj sobie czas dla siebie. Dobrej jako\u015bci czas na zaj\u0119cie si\u0119 sob\u0105, rozw\u00f3j kt\u00f3ry mo\u017ce przynie\u015b\u0107 lepszej jako\u015bci \u017cycie.&#8221;<\/p><\/blockquote>\n<p><img loading=\"lazy\" decoding=\"async\" class=\"size-medium wp-image-232 aligncenter\" src=\"https:\/\/studiumnvc.pl\/wp-content\/uploads\/2018\/07\/studium-nvc-e1600368719922-300x150.jpg\" alt=\"\" width=\"300\" height=\"150\" srcset=\"https:\/\/studiumnvc.pl\/wp-content\/uploads\/2018\/07\/studium-nvc-e1600368719922-300x150.jpg 300w, https:\/\/studiumnvc.pl\/wp-content\/uploads\/2018\/07\/studium-nvc-e1600368719922-768x384.jpg 768w, https:\/\/studiumnvc.pl\/wp-content\/uploads\/2018\/07\/studium-nvc-e1600368719922-1024x512.jpg 1024w, https:\/\/studiumnvc.pl\/wp-content\/uploads\/2018\/07\/studium-nvc-e1600368719922.jpg 1439w\" sizes=\"auto, (max-width: 300px) 100vw, 300px\" \/><\/p>\n","protected":false},"excerpt":{"rendered":"<p>&#8222;Mo\u017cesz co\u015b zmieni\u0107 albo nie. Je\u015bli chcesz naprawd\u0119 co\u015b zmieni\u0107, to dostaniesz wsparcie, skuteczne narz\u0119dzia, blisko\u015b\u0107, humor i bezpiecze\u0144stwo. Dostaniesz skrzyd\u0142a A potem wybierzesz czy chcesz lecie\u0107.&#8221; &#8222;Trafi\u0142am na temat [&hellip;]<\/p>\n","protected":false},"author":1,"featured_media":0,"parent":0,"menu_order":0,"comment_status":"closed","ping_status":"closed","template":"","meta":{"footnotes":""},"class_list":["post-228","page","type-page","status-publish","hentry"],"aioseo_notices":[],"_links":{"self":[{"href":"https:\/\/studiumnvc.pl\/index.php?rest_route=\/wp\/v2\/pages\/228","targetHints":{"allow":["GET"]}}],"collection":[{"href":"https:\/\/studiumnvc.pl\/index.php?rest_route=\/wp\/v2\/pages"}],"about":[{"href":"https:\/\/studiumnvc.pl\/index.php?rest_route=\/wp\/v2\/types\/page"}],"author":[{"embeddable":true,"href":"https:\/\/studiumnvc.pl\/index.php?rest_route=\/wp\/v2\/users\/1"}],"replies":[{"embeddable":true,"href":"https:\/\/studiumnvc.pl\/index.php?rest_route=%2Fwp%2Fv2%2Fcomments&post=228"}],"version-history":[{"count":0,"href":"https:\/\/studiumnvc.pl\/index.php?rest_route=\/wp\/v2\/pages\/228\/revisions"}],"wp:attachment":[{"href":"https:\/\/studiumnvc.pl\/index.php?rest_route=%2Fwp%2Fv2%2Fmedia&parent=228"}],"curies":[{"name":"wp","href":"https:\/\/api.w.org\/{rel}","templated":true}]}}