{"id":203,"date":"2018-05-31T13:33:56","date_gmt":"2018-05-31T11:33:56","guid":{"rendered":"https:\/\/studiumnvc.pl\/?page_id=203"},"modified":"2018-05-31T13:39:23","modified_gmt":"2018-05-31T11:39:23","slug":"polityka-prywatnosci","status":"publish","type":"page","link":"https:\/\/studiumnvc.pl\/?page_id=203","title":{"rendered":"Polityka prywatno\u015bci"},"content":{"rendered":"<h2><a class='link' href=\"https:\/\/studiumnvc.pl\/wp-content\/uploads\/2018\/05\/Polityka_prywatnosci.pdf\">Nasza polityka prywatno\u015bci<\/a>,<\/h2>\n<h2>zawieraj\u0105ca w sobie r\u00f3wnie\u017c<\/h2>\n<h2><a class='link' href=\"https:\/\/studiumnvc.pl\/wp-privacy-policy\/\">domy\u015bln\u0105 polityk\u0119 WordPress-a<\/a><\/h2>\n<h2>jest dost\u0119pna pod powy\u017cszymi linkami<\/h2>\n","protected":false},"excerpt":{"rendered":"<p>Nasza polityka prywatno\u015bci, zawieraj\u0105ca w sobie r\u00f3wnie\u017c domy\u015bln\u0105 polityk\u0119 WordPress-a jest dost\u0119pna pod powy\u017cszymi linkami<\/p>\n","protected":false},"author":1,"featured_media":0,"parent":0,"menu_order":0,"comment_status":"closed","ping_status":"closed","template":"page.php","meta":{"footnotes":""},"class_list":["post-203","page","type-page","status-publish","hentry"],"aioseo_notices":[],"_links":{"self":[{"href":"https:\/\/studiumnvc.pl\/index.php?rest_route=\/wp\/v2\/pages\/203","targetHints":{"allow":["GET"]}}],"collection":[{"href":"https:\/\/studiumnvc.pl\/index.php?rest_route=\/wp\/v2\/pages"}],"about":[{"href":"https:\/\/studiumnvc.pl\/index.php?rest_route=\/wp\/v2\/types\/page"}],"author":[{"embeddable":true,"href":"https:\/\/studiumnvc.pl\/index.php?rest_route=\/wp\/v2\/users\/1"}],"replies":[{"embeddable":true,"href":"https:\/\/studiumnvc.pl\/index.php?rest_route=%2Fwp%2Fv2%2Fcomments&post=203"}],"version-history":[{"count":0,"href":"https:\/\/studiumnvc.pl\/index.php?rest_route=\/wp\/v2\/pages\/203\/revisions"}],"wp:attachment":[{"href":"https:\/\/studiumnvc.pl\/index.php?rest_route=%2Fwp%2Fv2%2Fmedia&parent=203"}],"curies":[{"name":"wp","href":"https:\/\/api.w.org\/{rel}","templated":true}]}}